{"id":920,"date":"2020-12-28T08:32:04","date_gmt":"2020-12-28T08:32:04","guid":{"rendered":"https:\/\/quilton.com\/traitement-des-eaux\/aguas-pluviales\/"},"modified":"2021-03-17T14:32:53","modified_gmt":"2021-03-17T14:32:53","slug":"eaux-pluviales","status":"publish","type":"page","link":"https:\/\/quilton.com\/fr\/traitement-des-eaux\/eaux-pluviales\/","title":{"rendered":"Eaux pluviales"},"content":{"rendered":"","protected":false},"excerpt":{"rendered":"","protected":false},"author":1,"featured_media":0,"parent":911,"menu_order":0,"comment_status":"closed","ping_status":"closed","template":"page-templates\/page-tratamiento-agua-interna.php","meta":{"_genesis_hide_title":false,"_genesis_hide_breadcrumbs":false,"_genesis_hide_singular_image":false,"_genesis_hide_footer_widgets":false,"_genesis_custom_body_class":"","_genesis_custom_post_class":"","_genesis_layout":"","footnotes":""},"yoast_head":"<!-- This site is optimized with the Yoast SEO plugin v21.5 - https:\/\/yoast.com\/wordpress\/plugins\/seo\/ -->\n<title>Eaux pluviales - Quilton<\/title>\n<meta name=\"description\" content=\"Les eaux pluviales, connues traditionnellement sous le nom d\u2019eaux blanches, sont celles g\u00e9n\u00e9r\u00e9es suite \u00e0 plusieurs effets m\u00e9t\u00e9orologiques.\" \/>\n<meta name=\"robots\" content=\"index, follow, max-snippet:-1, max-image-preview:large, max-video-preview:-1\" \/>\n<link rel=\"canonical\" href=\"https:\/\/quilton.com\/fr\/traitement-des-eaux\/eaux-pluviales\/\" \/>\n<meta property=\"og:locale\" content=\"fr_FR\" \/>\n<meta property=\"og:type\" content=\"article\" \/>\n<meta property=\"og:title\" content=\"Eaux pluviales - Quilton\" \/>\n<meta property=\"og:description\" content=\"Les eaux pluviales, connues traditionnellement sous le nom d\u2019eaux blanches, sont celles g\u00e9n\u00e9r\u00e9es suite \u00e0 plusieurs effets m\u00e9t\u00e9orologiques.\" \/>\n<meta property=\"og:url\" content=\"https:\/\/quilton.com\/fr\/traitement-des-eaux\/eaux-pluviales\/\" \/>\n<meta property=\"og:site_name\" content=\"Quilton\" \/>\n<meta property=\"article:modified_time\" content=\"2021-03-17T14:32:53+00:00\" \/>\n<meta name=\"twitter:card\" content=\"summary_large_image\" \/>\n<script type=\"application\/ld+json\" class=\"yoast-schema-graph\">{\"@context\":\"https:\/\/schema.org\",\"@graph\":[{\"@type\":\"WebPage\",\"@id\":\"https:\/\/quilton.com\/fr\/traitement-des-eaux\/eaux-pluviales\/\",\"url\":\"https:\/\/quilton.com\/fr\/traitement-des-eaux\/eaux-pluviales\/\",\"name\":\"Eaux pluviales - Quilton\",\"isPartOf\":{\"@id\":\"https:\/\/quilton.com\/#website\"},\"datePublished\":\"2020-12-28T08:32:04+00:00\",\"dateModified\":\"2021-03-17T14:32:53+00:00\",\"description\":\"Les eaux pluviales, connues traditionnellement sous le nom d\u2019eaux blanches, sont celles g\u00e9n\u00e9r\u00e9es suite \u00e0 plusieurs effets m\u00e9t\u00e9orologiques.\",\"breadcrumb\":{\"@id\":\"https:\/\/quilton.com\/fr\/traitement-des-eaux\/eaux-pluviales\/#breadcrumb\"},\"inLanguage\":\"fr-FR\",\"potentialAction\":[{\"@type\":\"ReadAction\",\"target\":[\"https:\/\/quilton.com\/fr\/traitement-des-eaux\/eaux-pluviales\/\"]}]},{\"@type\":\"BreadcrumbList\",\"@id\":\"https:\/\/quilton.com\/fr\/traitement-des-eaux\/eaux-pluviales\/#breadcrumb\",\"itemListElement\":[{\"@type\":\"ListItem\",\"position\":1,\"name\":\"Portada\",\"item\":\"https:\/\/quilton.com\/fr\/\"},{\"@type\":\"ListItem\",\"position\":2,\"name\":\"Traitement des eaux\",\"item\":\"https:\/\/quilton.com\/fr\/traitement-des-eaux\/\"},{\"@type\":\"ListItem\",\"position\":3,\"name\":\"Eaux pluviales\"}]},{\"@type\":\"WebSite\",\"@id\":\"https:\/\/quilton.com\/#website\",\"url\":\"https:\/\/quilton.com\/\",\"name\":\"Quilton\",\"description\":\"\",\"publisher\":{\"@id\":\"https:\/\/quilton.com\/#organization\"},\"potentialAction\":[{\"@type\":\"SearchAction\",\"target\":{\"@type\":\"EntryPoint\",\"urlTemplate\":\"https:\/\/quilton.com\/?s={search_term_string}\"},\"query-input\":\"required name=search_term_string\"}],\"inLanguage\":\"fr-FR\"},{\"@type\":\"Organization\",\"@id\":\"https:\/\/quilton.com\/#organization\",\"name\":\"Quilton\",\"url\":\"https:\/\/quilton.com\/\",\"logo\":{\"@type\":\"ImageObject\",\"inLanguage\":\"fr-FR\",\"@id\":\"https:\/\/quilton.com\/#\/schema\/logo\/image\/\",\"url\":\"https:\/\/quilton.com\/wp-content\/uploads\/2021\/01\/quilton-q.png\",\"contentUrl\":\"https:\/\/quilton.com\/wp-content\/uploads\/2021\/01\/quilton-q.png\",\"width\":337,\"height\":337,\"caption\":\"Quilton\"},\"image\":{\"@id\":\"https:\/\/quilton.com\/#\/schema\/logo\/image\/\"},\"sameAs\":[\"https:\/\/www.linkedin.com\/company\/quilton-sa\/\"]}]}<\/script>\n<!-- \/ Yoast SEO plugin. -->","yoast_head_json":{"title":"Eaux pluviales - Quilton","description":"Les eaux pluviales, connues traditionnellement sous le nom d\u2019eaux blanches, sont celles g\u00e9n\u00e9r\u00e9es suite \u00e0 plusieurs effets m\u00e9t\u00e9orologiques.","robots":{"index":"index","follow":"follow","max-snippet":"max-snippet:-1","max-image-preview":"max-image-preview:large","max-video-preview":"max-video-preview:-1"},"canonical":"https:\/\/quilton.com\/fr\/traitement-des-eaux\/eaux-pluviales\/","og_locale":"fr_FR","og_type":"article","og_title":"Eaux pluviales - Quilton","og_description":"Les eaux pluviales, connues traditionnellement sous le nom d\u2019eaux blanches, sont celles g\u00e9n\u00e9r\u00e9es suite \u00e0 plusieurs effets m\u00e9t\u00e9orologiques.","og_url":"https:\/\/quilton.com\/fr\/traitement-des-eaux\/eaux-pluviales\/","og_site_name":"Quilton","article_modified_time":"2021-03-17T14:32:53+00:00","twitter_card":"summary_large_image","schema":{"@context":"https:\/\/schema.org","@graph":[{"@type":"WebPage","@id":"https:\/\/quilton.com\/fr\/traitement-des-eaux\/eaux-pluviales\/","url":"https:\/\/quilton.com\/fr\/traitement-des-eaux\/eaux-pluviales\/","name":"Eaux pluviales - Quilton","isPartOf":{"@id":"https:\/\/quilton.com\/#website"},"datePublished":"2020-12-28T08:32:04+00:00","dateModified":"2021-03-17T14:32:53+00:00","description":"Les eaux pluviales, connues traditionnellement sous le nom d\u2019eaux blanches, sont celles g\u00e9n\u00e9r\u00e9es suite \u00e0 plusieurs effets m\u00e9t\u00e9orologiques.","breadcrumb":{"@id":"https:\/\/quilton.com\/fr\/traitement-des-eaux\/eaux-pluviales\/#breadcrumb"},"inLanguage":"fr-FR","potentialAction":[{"@type":"ReadAction","target":["https:\/\/quilton.com\/fr\/traitement-des-eaux\/eaux-pluviales\/"]}]},{"@type":"BreadcrumbList","@id":"https:\/\/quilton.com\/fr\/traitement-des-eaux\/eaux-pluviales\/#breadcrumb","itemListElement":[{"@type":"ListItem","position":1,"name":"Portada","item":"https:\/\/quilton.com\/fr\/"},{"@type":"ListItem","position":2,"name":"Traitement des eaux","item":"https:\/\/quilton.com\/fr\/traitement-des-eaux\/"},{"@type":"ListItem","position":3,"name":"Eaux pluviales"}]},{"@type":"WebSite","@id":"https:\/\/quilton.com\/#website","url":"https:\/\/quilton.com\/","name":"Quilton","description":"","publisher":{"@id":"https:\/\/quilton.com\/#organization"},"potentialAction":[{"@type":"SearchAction","target":{"@type":"EntryPoint","urlTemplate":"https:\/\/quilton.com\/?s={search_term_string}"},"query-input":"required name=search_term_string"}],"inLanguage":"fr-FR"},{"@type":"Organization","@id":"https:\/\/quilton.com\/#organization","name":"Quilton","url":"https:\/\/quilton.com\/","logo":{"@type":"ImageObject","inLanguage":"fr-FR","@id":"https:\/\/quilton.com\/#\/schema\/logo\/image\/","url":"https:\/\/quilton.com\/wp-content\/uploads\/2021\/01\/quilton-q.png","contentUrl":"https:\/\/quilton.com\/wp-content\/uploads\/2021\/01\/quilton-q.png","width":337,"height":337,"caption":"Quilton"},"image":{"@id":"https:\/\/quilton.com\/#\/schema\/logo\/image\/"},"sameAs":["https:\/\/www.linkedin.com\/company\/quilton-sa\/"]}]}},"_links":{"self":[{"href":"https:\/\/quilton.com\/fr\/wp-json\/wp\/v2\/pages\/920"}],"collection":[{"href":"https:\/\/quilton.com\/fr\/wp-json\/wp\/v2\/pages"}],"about":[{"href":"https:\/\/quilton.com\/fr\/wp-json\/wp\/v2\/types\/page"}],"author":[{"embeddable":true,"href":"https:\/\/quilton.com\/fr\/wp-json\/wp\/v2\/users\/1"}],"replies":[{"embeddable":true,"href":"https:\/\/quilton.com\/fr\/wp-json\/wp\/v2\/comments?post=920"}],"version-history":[{"count":1,"href":"https:\/\/quilton.com\/fr\/wp-json\/wp\/v2\/pages\/920\/revisions"}],"predecessor-version":[{"id":1468,"href":"https:\/\/quilton.com\/fr\/wp-json\/wp\/v2\/pages\/920\/revisions\/1468"}],"up":[{"embeddable":true,"href":"https:\/\/quilton.com\/fr\/wp-json\/wp\/v2\/pages\/911"}],"wp:attachment":[{"href":"https:\/\/quilton.com\/fr\/wp-json\/wp\/v2\/media?parent=920"}],"curies":[{"name":"wp","href":"https:\/\/api.w.org\/{rel}","templated":true}]}}