{"id":947,"date":"2021-01-14T14:14:30","date_gmt":"2021-01-14T14:14:30","guid":{"rendered":"https:\/\/quilton.com\/politica-de-cookies\/"},"modified":"2021-03-05T12:06:23","modified_gmt":"2021-03-05T12:06:23","slug":"politique-de-cookies","status":"publish","type":"page","link":"https:\/\/quilton.com\/fr\/politique-de-cookies\/","title":{"rendered":"Politique de Cookies"},"content":{"rendered":"\n<p>QUILTON S.A. utiliza cookies propias y de terceros para mantener la sesi\u00f3n y las preferencias del usuario, personalizar la experiencia de navegaci\u00f3n y obtener estad\u00edsticas de uso de la web. Al navegar y continuar en el sitio web de QUILTON, la persona usuaria consiente el uso de las cookies de acuerdo a lo regulado en la Pol\u00edtica de cookies que se describe a continuaci\u00f3n. Esta Pol\u00edtica podr\u00e1 ser actualizada por lo que le recomendamos consultarla con regularidad.<\/p>\n\n\n\n<p><strong>\u00bfQU\u00c9 SON LAS COOKIES?<\/strong><\/p>\n\n\n\n<p>Las cookies son archivos que las p\u00e1ginas web almacenan en el navegador de la persona usuaria que las visita, necesarias para aportar a la navegaci\u00f3n web ventajas en la prestaci\u00f3n de servicios interactivos. Tipos posibles de cookies:<\/p>\n\n\n\n<p><strong>Seg\u00fan su origen:<\/strong><\/p>\n\n\n\n<ul><li>Propias: son cookies generadas por la propia p\u00e1gina web que se est\u00e1 visitando.<\/li><li>De terceros: son cookies que se reciben al navegar por esa p\u00e1gina web, pero que han sido generadas por un tercer servicio que se encuentra hospedado en ella.<\/li><\/ul>\n\n\n\n<p><strong>Seg\u00fan su tiempo de permanencia:<\/strong><\/p>\n\n\n\n<ul><li>Cookies de sesi\u00f3n: son un tipo de cookies dise\u00f1adas para recabar y almacenar datos mientras la persona usuaria accede a una p\u00e1gina web, que no quedan registradas en el disco del Usuario.<\/li><li>Cookies persistentes: son un tipo de cookies en el que los datos se almacenan en el terminal y pueden ser accedidos y tratados durante un periodo definido por el responsable de la cookie.<\/li><\/ul>\n\n\n\n<p><strong>Seg\u00fan su finalidad:<\/strong><\/p>\n\n\n\n<ul><li>Fines t\u00e9cnicos: son imprescindibles para el funcionamiento de la p\u00e1gina web Y, por ello, se denominan tambi\u00e9n \u201cestrictamente necesarias\u201d. Hacen posible el control de tr\u00e1fico desde el servidor a m\u00faltiples usuarios a la vez, la identificaci\u00f3n y el acceso como usuario del sistema, etc.<\/li><li>Personalizaci\u00f3n: hacen posible que cada Usuario pueda configurar aspectos como el lenguaje en el que desea ver la p\u00e1gina web o la configuraci\u00f3n regional.<\/li><li>An\u00e1lisis o rendimiento: permiten medir el n\u00famero de visitas y criterios de navegaci\u00f3n de diferentes \u00e1reas de la web de forma an\u00f3nima.<\/li><li>Publicidad: permiten implementar par\u00e1metros de eficiencia en la publicidad ofrecida en las p\u00e1ginas web.<\/li><li>Publicidad comportamental: permiten implementar par\u00e1metros de eficiencia en la publicidad ofrecida en las p\u00e1ginas web, basados en informaci\u00f3n sobre el comportamiento de los Usuarios.<\/li><\/ul>\n\n\n\n<p><\/p>\n\n\n\n<p><strong>\u00bfQU\u00c9 TIPO DE COOKIES SE UTILIZAN EN EL SITIO WEB DE QUILTON?<\/strong><\/p>\n\n\n\n<p>Las cookies del sitio web de QUILTON tienen un car\u00e1cter temporal y en ning\u00fan caso se utilizan para recoger informaci\u00f3n de car\u00e1cter personal.<\/p>\n\n\n\n<p><strong>Cookies propias y de terceros: <\/strong>QUILTON utiliza cookies de sesi\u00f3n con fines t\u00e9cnicos, estrictamente necesarias para mantener el funcionamiento de la p\u00e1gina. Permiten navegar y usar sus funciones esenciales. Por ejemplo, para el mantenimiento de sesi\u00f3n. Dichas cookies no guardan ninguna informaci\u00f3n de car\u00e1cter personal, ni recogen ninguna informaci\u00f3n sobre la navegaci\u00f3n de la persona usuaria que pueda ser utilizada para acciones de marketing o para recordar por qu\u00e9 p\u00e1ginas ha navegado. Tambi\u00e9n se contienen cookies de personalizaci\u00f3n que permiten al Usuario personalizar algunas caracter\u00edsticas como el idioma de navegaci\u00f3n, y as\u00ed poder ofrecer una mejor experiencia de navegaci\u00f3n m\u00e1s acorde al perfil del Usuario.<\/p>\n\n\n\n<p><strong>Cookies de an\u00e1lisis:<\/strong> QUILTON utiliza cookies de \u201cGoogle Analytics\u201d cuya titularidad y responsabilidad es de Google Inc. Permiten la medici\u00f3n y an\u00e1lisis de la navegaci\u00f3n en las p\u00e1ginas web, todo ello de forma an\u00f3nima. Usadas principalmente para obtener informaci\u00f3n relativa al n\u00famero de visitas, de p\u00e1ginas vistas, etc., informaci\u00f3n que posibilita dar un servicio mejor y m\u00e1s apropiado. Cookies de redes sociales: en algunas p\u00e1ginas de las webs de QUILTON puedes encontrar botones del tipo Me gusta o Compartir para compartir ciertos contenidos con redes sociales como Facebook o Twitter. Esta funcionalidad conlleva el uso de cookies que enlazan con las p\u00e1ginas web de estas redes sociales. Para m\u00e1s informaci\u00f3n sobre la utilizaci\u00f3n de cookies en las redes sociales consulta su propia pol\u00edtica de cookies.<\/p>\n\n\n\n<p><strong>\u00bfC\u00d3MO DESINSTALAR LAS COOKIES?<\/strong><\/p>\n\n\n\n<p>La persona usuaria tiene la posibilidad de configurar su navegador para ser avisado de la recepci\u00f3n de cookies y para impedir la instalaci\u00f3n en su equipo. Los principales navegadores tienen opciones de bloqueo y eliminaci\u00f3n de las cookies, pero el procedimiento puede diferir de un navegador de Internet a otro. Para desinstalar las cookies, le recomendamos que acuda a las instrucciones facilitadas por el fabricante de su navegador de Internet. A continuaci\u00f3n, le indicamos los links de los principales navegadores y dispositivos para que disponga de toda la informaci\u00f3n:<\/p>\n\n\n\n<ul><li>Explorer: windows.microsoft.com<\/li><li>Firefox: support.mozilla.org<\/li><li>Chrome: support.google.com<\/li><li>Safari: support.apple.com<\/li><li>Opera: help.opera.com<\/li><\/ul>\n\n\n\n<p>En el caso de dispositivos m\u00f3viles, tambi\u00e9n es habitual que el navegador disponga de estas opciones en el apartado de Ajustes. No obstante, debe tenerse en cuenta que la configuraci\u00f3n del navegador para rechazar las cookies, no permitir\u00e1 mantener las preferencias de la persona usuaria y algunas p\u00e1ginas pueden no estar disponibles.<\/p>\n","protected":false},"excerpt":{"rendered":"<p>QUILTON S.A. utiliza cookies propias y de terceros para mantener la sesi\u00f3n y las preferencias del usuario, personalizar la experiencia de navegaci\u00f3n y obtener estad\u00edsticas de uso de la web. Al navegar y continuar en el sitio web de QUILTON, la persona usuaria consiente el uso de las cookies de acuerdo a lo regulado en [&hellip;]<\/p>\n","protected":false},"author":1,"featured_media":0,"parent":0,"menu_order":0,"comment_status":"closed","ping_status":"closed","template":"page-templates\/page-texto-simple.php","meta":{"_genesis_hide_title":false,"_genesis_hide_breadcrumbs":false,"_genesis_hide_singular_image":false,"_genesis_hide_footer_widgets":false,"_genesis_custom_body_class":"","_genesis_custom_post_class":"","_genesis_layout":"","footnotes":""},"yoast_head":"<!-- This site is optimized with the Yoast SEO plugin v21.5 - https:\/\/yoast.com\/wordpress\/plugins\/seo\/ -->\n<title>Politique de Cookies - Quilton<\/title>\n<meta name=\"robots\" content=\"noindex, follow\" \/>\n<meta property=\"og:locale\" content=\"fr_FR\" \/>\n<meta property=\"og:type\" content=\"article\" \/>\n<meta property=\"og:title\" content=\"Politique de Cookies - Quilton\" \/>\n<meta property=\"og:description\" content=\"QUILTON S.A. utiliza cookies propias y de terceros para mantener la sesi\u00f3n y las preferencias del usuario, personalizar la experiencia de navegaci\u00f3n y obtener estad\u00edsticas de uso de la web. Al navegar y continuar en el sitio web de QUILTON, la persona usuaria consiente el uso de las cookies de acuerdo a lo regulado en [&hellip;]\" \/>\n<meta property=\"og:url\" content=\"https:\/\/quilton.com\/fr\/politique-de-cookies\/\" \/>\n<meta property=\"og:site_name\" content=\"Quilton\" \/>\n<meta property=\"article:modified_time\" content=\"2021-03-05T12:06:23+00:00\" \/>\n<meta name=\"twitter:card\" content=\"summary_large_image\" \/>\n<script type=\"application\/ld+json\" class=\"yoast-schema-graph\">{\"@context\":\"https:\/\/schema.org\",\"@graph\":[{\"@type\":\"WebPage\",\"@id\":\"https:\/\/quilton.com\/fr\/politique-de-cookies\/\",\"url\":\"https:\/\/quilton.com\/fr\/politique-de-cookies\/\",\"name\":\"Politique de Cookies - Quilton\",\"isPartOf\":{\"@id\":\"https:\/\/quilton.com\/#website\"},\"datePublished\":\"2021-01-14T14:14:30+00:00\",\"dateModified\":\"2021-03-05T12:06:23+00:00\",\"breadcrumb\":{\"@id\":\"https:\/\/quilton.com\/fr\/politique-de-cookies\/#breadcrumb\"},\"inLanguage\":\"fr-FR\",\"potentialAction\":[{\"@type\":\"ReadAction\",\"target\":[\"https:\/\/quilton.com\/fr\/politique-de-cookies\/\"]}]},{\"@type\":\"BreadcrumbList\",\"@id\":\"https:\/\/quilton.com\/fr\/politique-de-cookies\/#breadcrumb\",\"itemListElement\":[{\"@type\":\"ListItem\",\"position\":1,\"name\":\"Portada\",\"item\":\"https:\/\/quilton.com\/fr\/\"},{\"@type\":\"ListItem\",\"position\":2,\"name\":\"Politique de Cookies\"}]},{\"@type\":\"WebSite\",\"@id\":\"https:\/\/quilton.com\/#website\",\"url\":\"https:\/\/quilton.com\/\",\"name\":\"Quilton\",\"description\":\"\",\"publisher\":{\"@id\":\"https:\/\/quilton.com\/#organization\"},\"potentialAction\":[{\"@type\":\"SearchAction\",\"target\":{\"@type\":\"EntryPoint\",\"urlTemplate\":\"https:\/\/quilton.com\/?s={search_term_string}\"},\"query-input\":\"required name=search_term_string\"}],\"inLanguage\":\"fr-FR\"},{\"@type\":\"Organization\",\"@id\":\"https:\/\/quilton.com\/#organization\",\"name\":\"Quilton\",\"url\":\"https:\/\/quilton.com\/\",\"logo\":{\"@type\":\"ImageObject\",\"inLanguage\":\"fr-FR\",\"@id\":\"https:\/\/quilton.com\/#\/schema\/logo\/image\/\",\"url\":\"https:\/\/quilton.com\/wp-content\/uploads\/2021\/01\/quilton-q.png\",\"contentUrl\":\"https:\/\/quilton.com\/wp-content\/uploads\/2021\/01\/quilton-q.png\",\"width\":337,\"height\":337,\"caption\":\"Quilton\"},\"image\":{\"@id\":\"https:\/\/quilton.com\/#\/schema\/logo\/image\/\"},\"sameAs\":[\"https:\/\/www.linkedin.com\/company\/quilton-sa\/\"]}]}<\/script>\n<!-- \/ Yoast SEO plugin. -->","yoast_head_json":{"title":"Politique de Cookies - Quilton","robots":{"index":"noindex","follow":"follow"},"og_locale":"fr_FR","og_type":"article","og_title":"Politique de Cookies - Quilton","og_description":"QUILTON S.A. utiliza cookies propias y de terceros para mantener la sesi\u00f3n y las preferencias del usuario, personalizar la experiencia de navegaci\u00f3n y obtener estad\u00edsticas de uso de la web. Al navegar y continuar en el sitio web de QUILTON, la persona usuaria consiente el uso de las cookies de acuerdo a lo regulado en [&hellip;]","og_url":"https:\/\/quilton.com\/fr\/politique-de-cookies\/","og_site_name":"Quilton","article_modified_time":"2021-03-05T12:06:23+00:00","twitter_card":"summary_large_image","schema":{"@context":"https:\/\/schema.org","@graph":[{"@type":"WebPage","@id":"https:\/\/quilton.com\/fr\/politique-de-cookies\/","url":"https:\/\/quilton.com\/fr\/politique-de-cookies\/","name":"Politique de Cookies - Quilton","isPartOf":{"@id":"https:\/\/quilton.com\/#website"},"datePublished":"2021-01-14T14:14:30+00:00","dateModified":"2021-03-05T12:06:23+00:00","breadcrumb":{"@id":"https:\/\/quilton.com\/fr\/politique-de-cookies\/#breadcrumb"},"inLanguage":"fr-FR","potentialAction":[{"@type":"ReadAction","target":["https:\/\/quilton.com\/fr\/politique-de-cookies\/"]}]},{"@type":"BreadcrumbList","@id":"https:\/\/quilton.com\/fr\/politique-de-cookies\/#breadcrumb","itemListElement":[{"@type":"ListItem","position":1,"name":"Portada","item":"https:\/\/quilton.com\/fr\/"},{"@type":"ListItem","position":2,"name":"Politique de Cookies"}]},{"@type":"WebSite","@id":"https:\/\/quilton.com\/#website","url":"https:\/\/quilton.com\/","name":"Quilton","description":"","publisher":{"@id":"https:\/\/quilton.com\/#organization"},"potentialAction":[{"@type":"SearchAction","target":{"@type":"EntryPoint","urlTemplate":"https:\/\/quilton.com\/?s={search_term_string}"},"query-input":"required name=search_term_string"}],"inLanguage":"fr-FR"},{"@type":"Organization","@id":"https:\/\/quilton.com\/#organization","name":"Quilton","url":"https:\/\/quilton.com\/","logo":{"@type":"ImageObject","inLanguage":"fr-FR","@id":"https:\/\/quilton.com\/#\/schema\/logo\/image\/","url":"https:\/\/quilton.com\/wp-content\/uploads\/2021\/01\/quilton-q.png","contentUrl":"https:\/\/quilton.com\/wp-content\/uploads\/2021\/01\/quilton-q.png","width":337,"height":337,"caption":"Quilton"},"image":{"@id":"https:\/\/quilton.com\/#\/schema\/logo\/image\/"},"sameAs":["https:\/\/www.linkedin.com\/company\/quilton-sa\/"]}]}},"_links":{"self":[{"href":"https:\/\/quilton.com\/fr\/wp-json\/wp\/v2\/pages\/947"}],"collection":[{"href":"https:\/\/quilton.com\/fr\/wp-json\/wp\/v2\/pages"}],"about":[{"href":"https:\/\/quilton.com\/fr\/wp-json\/wp\/v2\/types\/page"}],"author":[{"embeddable":true,"href":"https:\/\/quilton.com\/fr\/wp-json\/wp\/v2\/users\/1"}],"replies":[{"embeddable":true,"href":"https:\/\/quilton.com\/fr\/wp-json\/wp\/v2\/comments?post=947"}],"version-history":[{"count":1,"href":"https:\/\/quilton.com\/fr\/wp-json\/wp\/v2\/pages\/947\/revisions"}],"predecessor-version":[{"id":1482,"href":"https:\/\/quilton.com\/fr\/wp-json\/wp\/v2\/pages\/947\/revisions\/1482"}],"wp:attachment":[{"href":"https:\/\/quilton.com\/fr\/wp-json\/wp\/v2\/media?parent=947"}],"curies":[{"name":"wp","href":"https:\/\/api.w.org\/{rel}","templated":true}]}}