{"id":955,"date":"2020-12-22T14:39:28","date_gmt":"2020-12-22T14:39:28","guid":{"rendered":"https:\/\/quilton.com\/tratamientos-compactos\/"},"modified":"2021-03-05T00:48:19","modified_gmt":"2021-03-05T00:48:19","slug":"traitements-compacts","status":"publish","type":"page","link":"https:\/\/quilton.com\/fr\/traitements-compacts\/","title":{"rendered":"Traitements compacts"},"content":{"rendered":"","protected":false},"excerpt":{"rendered":"","protected":false},"author":1,"featured_media":0,"parent":0,"menu_order":0,"comment_status":"closed","ping_status":"closed","template":"page-templates\/page-categoria-equipo.php","meta":{"_genesis_hide_title":false,"_genesis_hide_breadcrumbs":false,"_genesis_hide_singular_image":false,"_genesis_hide_footer_widgets":false,"_genesis_custom_body_class":"","_genesis_custom_post_class":"","_genesis_layout":"","footnotes":""},"yoast_head":"<!-- This site is optimized with the Yoast SEO plugin v21.5 - https:\/\/yoast.com\/wordpress\/plugins\/seo\/ -->\n<title>Traitements compacts - Quilton<\/title>\n<meta name=\"description\" content=\"Les eaux brutes avant leur traitement proprement dit sont g\u00e9n\u00e9ralement soumises \u00e0 un pr\u00e9traitement. D\u00e9grillage par des d\u00e9grilleurs grossiers.\" \/>\n<meta name=\"robots\" content=\"index, follow, max-snippet:-1, max-image-preview:large, max-video-preview:-1\" \/>\n<link rel=\"canonical\" href=\"https:\/\/quilton.com\/fr\/traitements-compacts\/\" \/>\n<meta property=\"og:locale\" content=\"fr_FR\" \/>\n<meta property=\"og:type\" content=\"article\" \/>\n<meta property=\"og:title\" content=\"Traitements compacts - Quilton\" \/>\n<meta property=\"og:description\" content=\"Les eaux brutes avant leur traitement proprement dit sont g\u00e9n\u00e9ralement soumises \u00e0 un pr\u00e9traitement. D\u00e9grillage par des d\u00e9grilleurs grossiers.\" \/>\n<meta property=\"og:url\" content=\"https:\/\/quilton.com\/fr\/traitements-compacts\/\" \/>\n<meta property=\"og:site_name\" content=\"Quilton\" \/>\n<meta property=\"article:modified_time\" content=\"2021-03-05T00:48:19+00:00\" \/>\n<meta name=\"twitter:card\" content=\"summary_large_image\" \/>\n<script type=\"application\/ld+json\" class=\"yoast-schema-graph\">{\"@context\":\"https:\/\/schema.org\",\"@graph\":[{\"@type\":\"WebPage\",\"@id\":\"https:\/\/quilton.com\/fr\/traitements-compacts\/\",\"url\":\"https:\/\/quilton.com\/fr\/traitements-compacts\/\",\"name\":\"Traitements compacts - Quilton\",\"isPartOf\":{\"@id\":\"https:\/\/quilton.com\/#website\"},\"datePublished\":\"2020-12-22T14:39:28+00:00\",\"dateModified\":\"2021-03-05T00:48:19+00:00\",\"description\":\"Les eaux brutes avant leur traitement proprement dit sont g\u00e9n\u00e9ralement soumises \u00e0 un pr\u00e9traitement. D\u00e9grillage par des d\u00e9grilleurs grossiers.\",\"breadcrumb\":{\"@id\":\"https:\/\/quilton.com\/fr\/traitements-compacts\/#breadcrumb\"},\"inLanguage\":\"fr-FR\",\"potentialAction\":[{\"@type\":\"ReadAction\",\"target\":[\"https:\/\/quilton.com\/fr\/traitements-compacts\/\"]}]},{\"@type\":\"BreadcrumbList\",\"@id\":\"https:\/\/quilton.com\/fr\/traitements-compacts\/#breadcrumb\",\"itemListElement\":[{\"@type\":\"ListItem\",\"position\":1,\"name\":\"Portada\",\"item\":\"https:\/\/quilton.com\/fr\/\"},{\"@type\":\"ListItem\",\"position\":2,\"name\":\"Traitements compacts\"}]},{\"@type\":\"WebSite\",\"@id\":\"https:\/\/quilton.com\/#website\",\"url\":\"https:\/\/quilton.com\/\",\"name\":\"Quilton\",\"description\":\"\",\"publisher\":{\"@id\":\"https:\/\/quilton.com\/#organization\"},\"potentialAction\":[{\"@type\":\"SearchAction\",\"target\":{\"@type\":\"EntryPoint\",\"urlTemplate\":\"https:\/\/quilton.com\/?s={search_term_string}\"},\"query-input\":\"required name=search_term_string\"}],\"inLanguage\":\"fr-FR\"},{\"@type\":\"Organization\",\"@id\":\"https:\/\/quilton.com\/#organization\",\"name\":\"Quilton\",\"url\":\"https:\/\/quilton.com\/\",\"logo\":{\"@type\":\"ImageObject\",\"inLanguage\":\"fr-FR\",\"@id\":\"https:\/\/quilton.com\/#\/schema\/logo\/image\/\",\"url\":\"https:\/\/quilton.com\/wp-content\/uploads\/2021\/01\/quilton-q.png\",\"contentUrl\":\"https:\/\/quilton.com\/wp-content\/uploads\/2021\/01\/quilton-q.png\",\"width\":337,\"height\":337,\"caption\":\"Quilton\"},\"image\":{\"@id\":\"https:\/\/quilton.com\/#\/schema\/logo\/image\/\"},\"sameAs\":[\"https:\/\/www.linkedin.com\/company\/quilton-sa\/\"]}]}<\/script>\n<!-- \/ Yoast SEO plugin. -->","yoast_head_json":{"title":"Traitements compacts - Quilton","description":"Les eaux brutes avant leur traitement proprement dit sont g\u00e9n\u00e9ralement soumises \u00e0 un pr\u00e9traitement. D\u00e9grillage par des d\u00e9grilleurs grossiers.","robots":{"index":"index","follow":"follow","max-snippet":"max-snippet:-1","max-image-preview":"max-image-preview:large","max-video-preview":"max-video-preview:-1"},"canonical":"https:\/\/quilton.com\/fr\/traitements-compacts\/","og_locale":"fr_FR","og_type":"article","og_title":"Traitements compacts - Quilton","og_description":"Les eaux brutes avant leur traitement proprement dit sont g\u00e9n\u00e9ralement soumises \u00e0 un pr\u00e9traitement. D\u00e9grillage par des d\u00e9grilleurs grossiers.","og_url":"https:\/\/quilton.com\/fr\/traitements-compacts\/","og_site_name":"Quilton","article_modified_time":"2021-03-05T00:48:19+00:00","twitter_card":"summary_large_image","schema":{"@context":"https:\/\/schema.org","@graph":[{"@type":"WebPage","@id":"https:\/\/quilton.com\/fr\/traitements-compacts\/","url":"https:\/\/quilton.com\/fr\/traitements-compacts\/","name":"Traitements compacts - Quilton","isPartOf":{"@id":"https:\/\/quilton.com\/#website"},"datePublished":"2020-12-22T14:39:28+00:00","dateModified":"2021-03-05T00:48:19+00:00","description":"Les eaux brutes avant leur traitement proprement dit sont g\u00e9n\u00e9ralement soumises \u00e0 un pr\u00e9traitement. D\u00e9grillage par des d\u00e9grilleurs grossiers.","breadcrumb":{"@id":"https:\/\/quilton.com\/fr\/traitements-compacts\/#breadcrumb"},"inLanguage":"fr-FR","potentialAction":[{"@type":"ReadAction","target":["https:\/\/quilton.com\/fr\/traitements-compacts\/"]}]},{"@type":"BreadcrumbList","@id":"https:\/\/quilton.com\/fr\/traitements-compacts\/#breadcrumb","itemListElement":[{"@type":"ListItem","position":1,"name":"Portada","item":"https:\/\/quilton.com\/fr\/"},{"@type":"ListItem","position":2,"name":"Traitements compacts"}]},{"@type":"WebSite","@id":"https:\/\/quilton.com\/#website","url":"https:\/\/quilton.com\/","name":"Quilton","description":"","publisher":{"@id":"https:\/\/quilton.com\/#organization"},"potentialAction":[{"@type":"SearchAction","target":{"@type":"EntryPoint","urlTemplate":"https:\/\/quilton.com\/?s={search_term_string}"},"query-input":"required name=search_term_string"}],"inLanguage":"fr-FR"},{"@type":"Organization","@id":"https:\/\/quilton.com\/#organization","name":"Quilton","url":"https:\/\/quilton.com\/","logo":{"@type":"ImageObject","inLanguage":"fr-FR","@id":"https:\/\/quilton.com\/#\/schema\/logo\/image\/","url":"https:\/\/quilton.com\/wp-content\/uploads\/2021\/01\/quilton-q.png","contentUrl":"https:\/\/quilton.com\/wp-content\/uploads\/2021\/01\/quilton-q.png","width":337,"height":337,"caption":"Quilton"},"image":{"@id":"https:\/\/quilton.com\/#\/schema\/logo\/image\/"},"sameAs":["https:\/\/www.linkedin.com\/company\/quilton-sa\/"]}]}},"_links":{"self":[{"href":"https:\/\/quilton.com\/fr\/wp-json\/wp\/v2\/pages\/955"}],"collection":[{"href":"https:\/\/quilton.com\/fr\/wp-json\/wp\/v2\/pages"}],"about":[{"href":"https:\/\/quilton.com\/fr\/wp-json\/wp\/v2\/types\/page"}],"author":[{"embeddable":true,"href":"https:\/\/quilton.com\/fr\/wp-json\/wp\/v2\/users\/1"}],"replies":[{"embeddable":true,"href":"https:\/\/quilton.com\/fr\/wp-json\/wp\/v2\/comments?post=955"}],"version-history":[{"count":1,"href":"https:\/\/quilton.com\/fr\/wp-json\/wp\/v2\/pages\/955\/revisions"}],"predecessor-version":[{"id":1470,"href":"https:\/\/quilton.com\/fr\/wp-json\/wp\/v2\/pages\/955\/revisions\/1470"}],"wp:attachment":[{"href":"https:\/\/quilton.com\/fr\/wp-json\/wp\/v2\/media?parent=955"}],"curies":[{"name":"wp","href":"https:\/\/api.w.org\/{rel}","templated":true}]}}