{"id":1169,"date":"2020-11-23T14:15:32","date_gmt":"2020-11-23T14:15:32","guid":{"rendered":"https:\/\/quilton.com\/tratamiento-de-aguas\/"},"modified":"2021-03-05T12:11:44","modified_gmt":"2021-03-05T12:11:44","slug":"tratamento-de-aguas","status":"publish","type":"page","link":"https:\/\/quilton.com\/pt-pt\/tratamento-de-aguas\/","title":{"rendered":"Tratamento de \u00e1guas"},"content":{"rendered":"","protected":false},"excerpt":{"rendered":"","protected":false},"author":1,"featured_media":0,"parent":0,"menu_order":0,"comment_status":"closed","ping_status":"closed","template":"page-templates\/page-tratamiento-agua.php","meta":{"_genesis_hide_title":false,"_genesis_hide_breadcrumbs":false,"_genesis_hide_singular_image":false,"_genesis_hide_footer_widgets":false,"_genesis_custom_body_class":"","_genesis_custom_post_class":"","_genesis_layout":"","footnotes":""},"yoast_head":"<!-- This site is optimized with the Yoast SEO plugin v21.5 - https:\/\/yoast.com\/wordpress\/plugins\/seo\/ -->\n<title>Tratamento de \u00e1guas - Quilton<\/title>\n<meta name=\"description\" content=\"O tratamento das \u00e1guas residuais \u00e9 um processo complexo que a avalia\u00e7\u00e3o das necessidades de tratamento das \u00e1guas.\" \/>\n<meta name=\"robots\" content=\"index, follow, max-snippet:-1, max-image-preview:large, max-video-preview:-1\" \/>\n<link rel=\"canonical\" href=\"https:\/\/quilton.com\/pt-pt\/tratamento-de-aguas\/\" \/>\n<meta property=\"og:locale\" content=\"pt_PT\" \/>\n<meta property=\"og:type\" content=\"article\" \/>\n<meta property=\"og:title\" content=\"Tratamento de \u00e1guas - Quilton\" \/>\n<meta property=\"og:description\" content=\"O tratamento das \u00e1guas residuais \u00e9 um processo complexo que a avalia\u00e7\u00e3o das necessidades de tratamento das \u00e1guas.\" \/>\n<meta property=\"og:url\" content=\"https:\/\/quilton.com\/pt-pt\/tratamento-de-aguas\/\" \/>\n<meta property=\"og:site_name\" content=\"Quilton\" \/>\n<meta property=\"article:modified_time\" content=\"2021-03-05T12:11:44+00:00\" \/>\n<meta name=\"twitter:card\" content=\"summary_large_image\" \/>\n<script type=\"application\/ld+json\" class=\"yoast-schema-graph\">{\"@context\":\"https:\/\/schema.org\",\"@graph\":[{\"@type\":\"WebPage\",\"@id\":\"https:\/\/quilton.com\/pt-pt\/tratamento-de-aguas\/\",\"url\":\"https:\/\/quilton.com\/pt-pt\/tratamento-de-aguas\/\",\"name\":\"Tratamento de \u00e1guas - Quilton\",\"isPartOf\":{\"@id\":\"https:\/\/quilton.com\/#website\"},\"datePublished\":\"2020-11-23T14:15:32+00:00\",\"dateModified\":\"2021-03-05T12:11:44+00:00\",\"description\":\"O tratamento das \u00e1guas residuais \u00e9 um processo complexo que a avalia\u00e7\u00e3o das necessidades de tratamento das \u00e1guas.\",\"breadcrumb\":{\"@id\":\"https:\/\/quilton.com\/pt-pt\/tratamento-de-aguas\/#breadcrumb\"},\"inLanguage\":\"pt-PT\",\"potentialAction\":[{\"@type\":\"ReadAction\",\"target\":[\"https:\/\/quilton.com\/pt-pt\/tratamento-de-aguas\/\"]}]},{\"@type\":\"BreadcrumbList\",\"@id\":\"https:\/\/quilton.com\/pt-pt\/tratamento-de-aguas\/#breadcrumb\",\"itemListElement\":[{\"@type\":\"ListItem\",\"position\":1,\"name\":\"Portada\",\"item\":\"https:\/\/quilton.com\/pt-pt\/\"},{\"@type\":\"ListItem\",\"position\":2,\"name\":\"Tratamento de \u00e1guas\"}]},{\"@type\":\"WebSite\",\"@id\":\"https:\/\/quilton.com\/#website\",\"url\":\"https:\/\/quilton.com\/\",\"name\":\"Quilton\",\"description\":\"\",\"publisher\":{\"@id\":\"https:\/\/quilton.com\/#organization\"},\"potentialAction\":[{\"@type\":\"SearchAction\",\"target\":{\"@type\":\"EntryPoint\",\"urlTemplate\":\"https:\/\/quilton.com\/?s={search_term_string}\"},\"query-input\":\"required name=search_term_string\"}],\"inLanguage\":\"pt-PT\"},{\"@type\":\"Organization\",\"@id\":\"https:\/\/quilton.com\/#organization\",\"name\":\"Quilton\",\"url\":\"https:\/\/quilton.com\/\",\"logo\":{\"@type\":\"ImageObject\",\"inLanguage\":\"pt-PT\",\"@id\":\"https:\/\/quilton.com\/#\/schema\/logo\/image\/\",\"url\":\"https:\/\/quilton.com\/wp-content\/uploads\/2021\/01\/quilton-q.png\",\"contentUrl\":\"https:\/\/quilton.com\/wp-content\/uploads\/2021\/01\/quilton-q.png\",\"width\":337,\"height\":337,\"caption\":\"Quilton\"},\"image\":{\"@id\":\"https:\/\/quilton.com\/#\/schema\/logo\/image\/\"},\"sameAs\":[\"https:\/\/www.linkedin.com\/company\/quilton-sa\/\"]}]}<\/script>\n<!-- \/ Yoast SEO plugin. -->","yoast_head_json":{"title":"Tratamento de \u00e1guas - Quilton","description":"O tratamento das \u00e1guas residuais \u00e9 um processo complexo que a avalia\u00e7\u00e3o das necessidades de tratamento das \u00e1guas.","robots":{"index":"index","follow":"follow","max-snippet":"max-snippet:-1","max-image-preview":"max-image-preview:large","max-video-preview":"max-video-preview:-1"},"canonical":"https:\/\/quilton.com\/pt-pt\/tratamento-de-aguas\/","og_locale":"pt_PT","og_type":"article","og_title":"Tratamento de \u00e1guas - Quilton","og_description":"O tratamento das \u00e1guas residuais \u00e9 um processo complexo que a avalia\u00e7\u00e3o das necessidades de tratamento das \u00e1guas.","og_url":"https:\/\/quilton.com\/pt-pt\/tratamento-de-aguas\/","og_site_name":"Quilton","article_modified_time":"2021-03-05T12:11:44+00:00","twitter_card":"summary_large_image","schema":{"@context":"https:\/\/schema.org","@graph":[{"@type":"WebPage","@id":"https:\/\/quilton.com\/pt-pt\/tratamento-de-aguas\/","url":"https:\/\/quilton.com\/pt-pt\/tratamento-de-aguas\/","name":"Tratamento de \u00e1guas - Quilton","isPartOf":{"@id":"https:\/\/quilton.com\/#website"},"datePublished":"2020-11-23T14:15:32+00:00","dateModified":"2021-03-05T12:11:44+00:00","description":"O tratamento das \u00e1guas residuais \u00e9 um processo complexo que a avalia\u00e7\u00e3o das necessidades de tratamento das \u00e1guas.","breadcrumb":{"@id":"https:\/\/quilton.com\/pt-pt\/tratamento-de-aguas\/#breadcrumb"},"inLanguage":"pt-PT","potentialAction":[{"@type":"ReadAction","target":["https:\/\/quilton.com\/pt-pt\/tratamento-de-aguas\/"]}]},{"@type":"BreadcrumbList","@id":"https:\/\/quilton.com\/pt-pt\/tratamento-de-aguas\/#breadcrumb","itemListElement":[{"@type":"ListItem","position":1,"name":"Portada","item":"https:\/\/quilton.com\/pt-pt\/"},{"@type":"ListItem","position":2,"name":"Tratamento de \u00e1guas"}]},{"@type":"WebSite","@id":"https:\/\/quilton.com\/#website","url":"https:\/\/quilton.com\/","name":"Quilton","description":"","publisher":{"@id":"https:\/\/quilton.com\/#organization"},"potentialAction":[{"@type":"SearchAction","target":{"@type":"EntryPoint","urlTemplate":"https:\/\/quilton.com\/?s={search_term_string}"},"query-input":"required name=search_term_string"}],"inLanguage":"pt-PT"},{"@type":"Organization","@id":"https:\/\/quilton.com\/#organization","name":"Quilton","url":"https:\/\/quilton.com\/","logo":{"@type":"ImageObject","inLanguage":"pt-PT","@id":"https:\/\/quilton.com\/#\/schema\/logo\/image\/","url":"https:\/\/quilton.com\/wp-content\/uploads\/2021\/01\/quilton-q.png","contentUrl":"https:\/\/quilton.com\/wp-content\/uploads\/2021\/01\/quilton-q.png","width":337,"height":337,"caption":"Quilton"},"image":{"@id":"https:\/\/quilton.com\/#\/schema\/logo\/image\/"},"sameAs":["https:\/\/www.linkedin.com\/company\/quilton-sa\/"]}]}},"_links":{"self":[{"href":"https:\/\/quilton.com\/pt-pt\/wp-json\/wp\/v2\/pages\/1169"}],"collection":[{"href":"https:\/\/quilton.com\/pt-pt\/wp-json\/wp\/v2\/pages"}],"about":[{"href":"https:\/\/quilton.com\/pt-pt\/wp-json\/wp\/v2\/types\/page"}],"author":[{"embeddable":true,"href":"https:\/\/quilton.com\/pt-pt\/wp-json\/wp\/v2\/users\/1"}],"replies":[{"embeddable":true,"href":"https:\/\/quilton.com\/pt-pt\/wp-json\/wp\/v2\/comments?post=1169"}],"version-history":[{"count":1,"href":"https:\/\/quilton.com\/pt-pt\/wp-json\/wp\/v2\/pages\/1169\/revisions"}],"predecessor-version":[{"id":1486,"href":"https:\/\/quilton.com\/pt-pt\/wp-json\/wp\/v2\/pages\/1169\/revisions\/1486"}],"wp:attachment":[{"href":"https:\/\/quilton.com\/pt-pt\/wp-json\/wp\/v2\/media?parent=1169"}],"curies":[{"name":"wp","href":"https:\/\/api.w.org\/{rel}","templated":true}]}}